{"id":82,"date":"2024-03-26T19:53:15","date_gmt":"2024-03-26T19:53:15","guid":{"rendered":"http:\/\/142.132.203.237\/~grenaaro\/?page_id=82"},"modified":"2025-04-18T09:46:35","modified_gmt":"2025-04-18T09:46:35","slug":"aktiviteter-sommer","status":"publish","type":"page","link":"https:\/\/grenaaroklub.dk\/index.php\/aktiviteter-sommer\/","title":{"rendered":"Sommer"},"content":{"rendered":"<p>[et_pb_section fb_built=&#8221;1&#8243; _builder_version=&#8221;4.24.2&#8243; _module_preset=&#8221;default&#8221; global_colors_info=&#8221;{}&#8221;][et_pb_row _builder_version=&#8221;4.24.3&#8243; _module_preset=&#8221;default&#8221; global_colors_info=&#8221;{}&#8221;][et_pb_column type=&#8221;4_4&#8243; _builder_version=&#8221;4.24.3&#8243; _module_preset=&#8221;default&#8221; global_colors_info=&#8221;{}&#8221;][et_pb_text _builder_version=&#8221;4.27.0&#8243; _module_preset=&#8221;default&#8221; custom_padding=&#8221;|||15px||&#8221; global_colors_info=&#8221;{}&#8221;]<\/p>\n<h2 style=\"text-align: center;\">\u00a0\u00a0<strong><span data-contrast=\"auto\" xml:lang=\"DA-DK\" lang=\"DA-DK\" class=\"TextRun SCXW13249494 BCX0\"><span class=\"NormalTextRun SCXW13249494 BCX0\"><\/span><\/span><\/strong><\/h2>\n<h2 style=\"text-align: center;\"><strong><span data-contrast=\"auto\" xml:lang=\"DA-DK\" lang=\"DA-DK\" class=\"TextRun SCXW13249494 BCX0\"><span class=\"NormalTextRun SCXW13249494 BCX0\">Sommer<\/span><span class=\"NormalTextRun SCXW13249494 BCX0\"> &#8211;<\/span><\/span><span data-contrast=\"auto\" xml:lang=\"DA-DK\" lang=\"DA-DK\" class=\"TextRun SCXW13249494 BCX0\"><span class=\"NormalTextRun SCXW13249494 BCX0\"> <\/span><span class=\"NormalTextRun SCXW13249494 BCX0\">Ugeplan for faste aktiviteter<\/span><\/span><\/strong><\/h2>\n<p><b><span data-contrast=\"auto\">Mandag<\/span><\/b> <span data-ccp-props=\"{&quot;201341983&quot;:0,&quot;335559740&quot;:240,&quot;469777462&quot;:[1843,3261],&quot;469777927&quot;:[0,0],&quot;469777928&quot;:[1,1]}\">\u00a0<\/span><\/p>\n<p style=\"text-align: left; padding-left: 40px;\">Mandags-roning i maj og juni m\u00e5ned kl. 17.00 &#8211; for begyndere og garvede roer.\u00a0 \u00a0 \u00a0 \u00a0 \u00a0 \u00a0 \u00a0 \u00a0 \u00a0 \u00a0 \u00a0 \u00a0 \u00a0 \u00a0 \u00a0 \u00a0 \u00a0 \u00a0 \u00a0 \u00a0 \u00a0 \u00a0 \u00a0 \u00a0 \u00a0 \u00a0 \u00a0 \u00a0 \u00a0 \u00a0 \u00a0 Man m\u00f8des og er er omkl\u00e6dt kl. 17.00, hvor der s\u00e6ttes hold.<\/p>\n<p><b><span data-contrast=\"auto\">Tirsdag<\/span><\/b><\/p>\n<p style=\"padding-left: 40px;\"><span data-contrast=\"auto\">kl.<\/span><b><span data-contrast=\"auto\"> \u00a0<\/span><\/b><span data-contrast=\"auto\">9.00<\/span> <b><span data-contrast=\"auto\">\u201dMorgen roning p\u00e5 vandet\u201d<\/span><\/b><span data-contrast=\"auto\">\u00a0<\/span><span data-ccp-props=\"{&quot;201341983&quot;:0,&quot;335559740&quot;:240,&quot;469777462&quot;:[1843,3261],&quot;469777927&quot;:[0,0],&quot;469777928&quot;:[1,1]}\"><br \/><\/span><span data-contrast=\"auto\">Der s\u00e6ttes hold <\/span><span data-contrast=\"auto\">kl.\u00a0 9.00.<\/span><span data-contrast=\"auto\"> (Alternativ i ro-ergometer)<\/span><span data-ccp-props=\"{&quot;201341983&quot;:0,&quot;335559740&quot;:240,&quot;469777462&quot;:[1843,3261],&quot;469777927&quot;:[0,0],&quot;469777928&quot;:[1,1]}\"><br \/><\/span><span data-contrast=\"auto\">Efter roning er der kaffe og br\u00f8d i klubhuset.<\/span><span data-ccp-props=\"{&quot;201341983&quot;:0,&quot;335559740&quot;:240,&quot;469777462&quot;:[1843,3261],&quot;469777927&quot;:[0,0],&quot;469777928&quot;:[1,1]}\">\u00a0<\/span><\/p>\n<p style=\"text-align: left;\"><b><span data-contrast=\"auto\">Onsdag<\/span><\/b> <b><span data-contrast=\"auto\">\u201dKlubaften\u201d\u00a0<\/span><\/b><span data-ccp-props=\"{&quot;201341983&quot;:0,&quot;335559740&quot;:240,&quot;469777462&quot;:[1843,3261],&quot;469777927&quot;:[0,0],&quot;469777928&quot;:[1,1]}\">\u00a0<\/span><\/p>\n<p style=\"padding-left: 40px;\"><span data-contrast=\"auto\">Vi roer en tur p\u00e5 vandet. (Alternativ i ro-ergometer)<\/span><span data-ccp-props=\"{&quot;201341983&quot;:0,&quot;335559740&quot;:240,&quot;469777462&quot;:[1843,3261],&quot;469777927&quot;:[0,0],&quot;469777928&quot;:[1,1]}\"><br \/><\/span><span data-contrast=\"auto\">Derefter hygge og kaffe i klubhuset.<\/span><span data-ccp-props=\"{&quot;201341983&quot;:0,&quot;335559740&quot;:240,&quot;469777462&quot;:[1843,3261],&quot;469777927&quot;:[0,0],&quot;469777928&quot;:[1,1]}\">\u00a0<\/span><\/p>\n<p><span data-contrast=\"auto\">\u00a0\u00a0\u00a0\u00a0\u00a0\u00a0\u00a0\u00a0\u00a0 <strong>Obs.<\/strong><\/span> <span style=\"text-decoration: underline;\">kl. 18.00 <strong>omkl\u00e6dt<\/strong><\/span><span data-contrast=\"auto\"> &#8211; fra standerhejsning til og med april\u00a0<\/span><span data-ccp-props=\"{&quot;201341983&quot;:0,&quot;335559740&quot;:240,&quot;469777462&quot;:[1843,3261],&quot;469777927&quot;:[0,0],&quot;469777928&quot;:[1,1]}\">\u00a0<\/span><\/p>\n<p><span data-contrast=\"auto\">\u00a0\u00a0\u00a0\u00a0\u00a0\u00a0\u00a0\u00a0\u00a0 <strong>Obs.<\/strong><\/span> <span style=\"text-decoration: underline;\">kl. 19.00 <strong>omkl\u00e6dt<\/strong><\/span><span data-contrast=\"auto\"> &#8211; fra maj til og med august\u00a0<\/span><span data-ccp-props=\"{&quot;201341983&quot;:0,&quot;335559740&quot;:240,&quot;469777462&quot;:[1843,3261],&quot;469777927&quot;:[0,0],&quot;469777928&quot;:[1,1]}\">\u00a0<\/span><\/p>\n<p><span data-contrast=\"auto\">\u00a0\u00a0\u00a0\u00a0\u00a0\u00a0\u00a0\u00a0\u00a0 <strong>Obs.<\/strong><\/span> <span style=\"text-decoration: underline;\">kl. 18.30 <strong>omkl\u00e6dt<\/strong><\/span><span data-contrast=\"auto\"> &#8211; fra august til og med september<\/span><span data-ccp-props=\"{&quot;201341983&quot;:0,&quot;335559740&quot;:240,&quot;469777462&quot;:[1843,3261],&quot;469777927&quot;:[0,0],&quot;469777928&quot;:[1,1]}\">\u00a0<\/span><\/p>\n<p><span data-contrast=\"auto\">\u00a0\u00a0\u00a0\u00a0\u00a0\u00a0\u00a0\u00a0\u00a0 <strong>Obs.<\/strong><\/span>\u00a0<span data-contrast=\"auto\">Fra oktober til standerstrygning<\/span><b><span data-contrast=\"auto\"> &#8211; <\/span><\/b><span data-contrast=\"auto\">Efter aftale\u00a0<\/span><span data-ccp-props=\"{&quot;201341983&quot;:0,&quot;335559740&quot;:240,&quot;469777462&quot;:[1843,3261],&quot;469777927&quot;:[0,0],&quot;469777928&quot;:[1,1]}\">\u00a0<\/span><\/p>\n<p><span data-contrast=\"auto\">\u00a0\u00a0\u00a0\u00a0\u00a0\u00a0\u00a0 &#8211; P\u00e5 m\u00f8detidspunktet s\u00e6ttes hold og turens m\u00e5l aftales, for hver enkel b\u00e5d.<\/span><span data-ccp-props=\"{&quot;201341983&quot;:0,&quot;335559740&quot;:240,&quot;469777462&quot;:[1843,3261],&quot;469777927&quot;:[0,0],&quot;469777928&quot;:[1,1]}\">\u00a0<\/span><\/p>\n<p><b><span data-contrast=\"auto\">Torsdag<\/span><\/b> <span data-ccp-props=\"{&quot;201341983&quot;:0,&quot;335559740&quot;:240,&quot;469777462&quot;:[1843,3261],&quot;469777927&quot;:[0,0],&quot;469777928&quot;:[1,1]}\">\u00a0<\/span><\/p>\n<p><b><span data-contrast=\"auto\">Fredag <\/span><\/b><\/p>\n<p style=\"padding-left: 40px;\"><span data-contrast=\"auto\">kl.\u00a0 9.00<\/span> <b><span data-contrast=\"auto\">\u201dMorgen roning p\u00e5 vandet\u201d<\/span><\/b><span data-contrast=\"auto\">\u00a0<\/span><span data-ccp-props=\"{&quot;201341983&quot;:0,&quot;335559740&quot;:240,&quot;469777462&quot;:[1843,3261],&quot;469777927&quot;:[0,0],&quot;469777928&quot;:[1,1]}\"><br \/><\/span><span data-contrast=\"auto\">Der s\u00e6ttes hold <\/span><span data-contrast=\"auto\">kl. 9.00.<\/span><span data-contrast=\"auto\"> (Alternativ i ro-ergometer)<\/span><span data-ccp-props=\"{&quot;201341983&quot;:0,&quot;335559740&quot;:240,&quot;469777462&quot;:[1843,3261],&quot;469777927&quot;:[0,0],&quot;469777928&quot;:[1,1]}\"><br \/><\/span><span data-contrast=\"auto\">Efter roning er der kaffe og br\u00f8d i klubhuset.<\/span><span data-ccp-props=\"{&quot;201341983&quot;:0,&quot;335559740&quot;:240,&quot;469777462&quot;:[1843,3261],&quot;469777927&quot;:[0,0],&quot;469777928&quot;:[1,1]}\">\u00a0<\/span><\/p>\n<p><b><span data-contrast=\"auto\">Som medlem af Grenaa Roklub, kan klubben benyttes alle ugens dage.<\/span><\/b><span data-ccp-props=\"{&quot;201341983&quot;:0,&quot;335551550&quot;:2,&quot;335551620&quot;:2,&quot;335559740&quot;:240,&quot;469777462&quot;:[1843,3261],&quot;469777927&quot;:[0,0],&quot;469777928&quot;:[1,1]}\">\u00a0<\/span><\/p>\n<p><span data-contrast=\"auto\">I sommerhalv\u00e5ret, b\u00e5de som et hold p\u00e5 vandet eller individuel\/som hold i motionsrummet.<\/span><span data-ccp-props=\"{&quot;201341983&quot;:0,&quot;335551550&quot;:2,&quot;335551620&quot;:2,&quot;335559740&quot;:240,&quot;469777462&quot;:[1843,3261],&quot;469777927&quot;:[0,0],&quot;469777928&quot;:[1,1]}\"><br \/><\/span><span data-contrast=\"auto\">I tidsrummet 1. maj til 30. september, m\u00e5 der roes hele d\u00f8gnet rundt.<\/span><span data-ccp-props=\"{&quot;201341983&quot;:0,&quot;335551550&quot;:2,&quot;335551620&quot;:2,&quot;335559740&quot;:240,&quot;469777462&quot;:[1843,3261],&quot;469777927&quot;:[0,0],&quot;469777928&quot;:[1,1]}\"><br \/><\/span><span data-contrast=\"auto\">&#8211; <strong>Husk<\/strong> at medbringe lygte.<\/span><span data-ccp-props=\"{&quot;201341983&quot;:0,&quot;335551550&quot;:2,&quot;335551620&quot;:2,&quot;335559740&quot;:240,&quot;469777462&quot;:[1843,3261],&quot;469777927&quot;:[0,0],&quot;469777928&quot;:[1,1]}\">\u00a0<\/span><\/p>\n<p>[\/et_pb_text][\/et_pb_column][\/et_pb_row][\/et_pb_section]<\/p>\n","protected":false},"excerpt":{"rendered":"<p>\u00a0\u00a0 Sommer &#8211; Ugeplan for faste aktiviteter Mandag \u00a0 Mandags-roning i maj og juni m\u00e5ned kl. 17.00 &#8211; for begyndere og garvede roer.\u00a0 \u00a0 \u00a0 \u00a0 \u00a0 \u00a0 \u00a0 \u00a0 \u00a0 \u00a0 \u00a0 \u00a0 \u00a0 \u00a0 \u00a0 \u00a0 \u00a0 \u00a0 \u00a0 \u00a0 \u00a0 \u00a0 \u00a0 \u00a0 \u00a0 \u00a0 \u00a0 \u00a0 \u00a0 \u00a0 \u00a0 Man m\u00f8des [&hellip;]<\/p>\n","protected":false},"author":1,"featured_media":0,"parent":0,"menu_order":0,"comment_status":"closed","ping_status":"closed","template":"","meta":{"_et_pb_use_builder":"on","_et_pb_old_content":"","_et_gb_content_width":"","footnotes":""},"class_list":["post-82","page","type-page","status-publish","hentry"],"_links":{"self":[{"href":"https:\/\/grenaaroklub.dk\/index.php\/wp-json\/wp\/v2\/pages\/82","targetHints":{"allow":["GET"]}}],"collection":[{"href":"https:\/\/grenaaroklub.dk\/index.php\/wp-json\/wp\/v2\/pages"}],"about":[{"href":"https:\/\/grenaaroklub.dk\/index.php\/wp-json\/wp\/v2\/types\/page"}],"author":[{"embeddable":true,"href":"https:\/\/grenaaroklub.dk\/index.php\/wp-json\/wp\/v2\/users\/1"}],"replies":[{"embeddable":true,"href":"https:\/\/grenaaroklub.dk\/index.php\/wp-json\/wp\/v2\/comments?post=82"}],"version-history":[{"count":15,"href":"https:\/\/grenaaroklub.dk\/index.php\/wp-json\/wp\/v2\/pages\/82\/revisions"}],"predecessor-version":[{"id":461,"href":"https:\/\/grenaaroklub.dk\/index.php\/wp-json\/wp\/v2\/pages\/82\/revisions\/461"}],"wp:attachment":[{"href":"https:\/\/grenaaroklub.dk\/index.php\/wp-json\/wp\/v2\/media?parent=82"}],"curies":[{"name":"wp","href":"https:\/\/api.w.org\/{rel}","templated":true}]}}