{"id":404,"date":"2024-05-30T17:21:53","date_gmt":"2024-05-30T17:21:53","guid":{"rendered":"https:\/\/grenaaroklub.dk\/?page_id=404"},"modified":"2024-05-31T10:52:30","modified_gmt":"2024-05-31T10:52:30","slug":"klubtoej","status":"publish","type":"page","link":"https:\/\/grenaaroklub.dk\/index.php\/klubtoej\/","title":{"rendered":"Klubt\u00f8j"},"content":{"rendered":"<p>[et_pb_section fb_built=&#8221;1&#8243; _builder_version=&#8221;4.24.3&#8243; _module_preset=&#8221;default&#8221; custom_padding=&#8221;4px||6px|||&#8221; global_colors_info=&#8221;{}&#8221;][et_pb_row _builder_version=&#8221;4.24.3&#8243; _module_preset=&#8221;default&#8221; min_height=&#8221;240px&#8221; custom_padding=&#8221;||13px|||&#8221; global_colors_info=&#8221;{}&#8221;][et_pb_column type=&#8221;4_4&#8243; _builder_version=&#8221;4.24.3&#8243; _module_preset=&#8221;default&#8221; global_colors_info=&#8221;{}&#8221;][et_pb_text _builder_version=&#8221;4.24.3&#8243; _module_preset=&#8221;default&#8221; hover_enabled=&#8221;0&#8243; global_colors_info=&#8221;{}&#8221; sticky_enabled=&#8221;0&#8243;]<\/p>\n<h2 style=\"text-align: center;\"><strong>Bestilling af klubt\u00f8j<\/strong><\/h2>\n<p>Vi kan nu bestille klubt\u00f8j med logo via <a href=\"https:\/\/www.chopar.dk\/\" target=\"_blank\" rel=\"noopener\">Chopar.dk<\/a><br \/>G\u00e5 p\u00e5 <a href=\"https:\/\/www.chopar.dk\/\" target=\"_blank\" rel=\"noopener\">Chopar<\/a><br \/>Skriv &#8220;Gren\u00e5&#8221; i s\u00f8gefeltet<br \/>Tryk &#8220;Gren\u00e5 Roklub&#8221;<br \/>Vores valgte klubt\u00f8j kommer frem.<\/p>\n<p>[\/et_pb_text][et_pb_image src=&#8221;https:\/\/grenaaroklub.dk\/wp-content\/uploads\/2024\/05\/chopa.jpg&#8221; title_text=&#8221;chopa&#8221; show_in_lightbox=&#8221;on&#8221; _builder_version=&#8221;4.24.3&#8243; _module_preset=&#8221;default&#8221; box_shadow_style=&#8221;preset1&#8243; global_colors_info=&#8221;{}&#8221;][\/et_pb_image][et_pb_image src=&#8221;https:\/\/grenaaroklub.dk\/wp-content\/uploads\/2024\/05\/chopa2.jpg&#8221; title_text=&#8221;chopa2&#8243; show_in_lightbox=&#8221;on&#8221; _builder_version=&#8221;4.24.3&#8243; _module_preset=&#8221;default&#8221; box_shadow_style=&#8221;preset1&#8243; global_colors_info=&#8221;{}&#8221;][\/et_pb_image][\/et_pb_column][\/et_pb_row][\/et_pb_section]<\/p>\n","protected":false},"excerpt":{"rendered":"<p>Bestilling af klubt\u00f8j Vi kan nu bestille klubt\u00f8j med logo via Chopar.dkG\u00e5 p\u00e5 ChoparSkriv &#8220;Gren\u00e5&#8221; i s\u00f8gefeltetTryk &#8220;Gren\u00e5 Roklub&#8221;Vores valgte klubt\u00f8j kommer frem.<\/p>\n","protected":false},"author":1,"featured_media":0,"parent":0,"menu_order":0,"comment_status":"closed","ping_status":"closed","template":"","meta":{"_et_pb_use_builder":"on","_et_pb_old_content":"","_et_gb_content_width":"","footnotes":""},"class_list":["post-404","page","type-page","status-publish","hentry"],"_links":{"self":[{"href":"https:\/\/grenaaroklub.dk\/index.php\/wp-json\/wp\/v2\/pages\/404","targetHints":{"allow":["GET"]}}],"collection":[{"href":"https:\/\/grenaaroklub.dk\/index.php\/wp-json\/wp\/v2\/pages"}],"about":[{"href":"https:\/\/grenaaroklub.dk\/index.php\/wp-json\/wp\/v2\/types\/page"}],"author":[{"embeddable":true,"href":"https:\/\/grenaaroklub.dk\/index.php\/wp-json\/wp\/v2\/users\/1"}],"replies":[{"embeddable":true,"href":"https:\/\/grenaaroklub.dk\/index.php\/wp-json\/wp\/v2\/comments?post=404"}],"version-history":[{"count":5,"href":"https:\/\/grenaaroklub.dk\/index.php\/wp-json\/wp\/v2\/pages\/404\/revisions"}],"predecessor-version":[{"id":417,"href":"https:\/\/grenaaroklub.dk\/index.php\/wp-json\/wp\/v2\/pages\/404\/revisions\/417"}],"wp:attachment":[{"href":"https:\/\/grenaaroklub.dk\/index.php\/wp-json\/wp\/v2\/media?parent=404"}],"curies":[{"name":"wp","href":"https:\/\/api.w.org\/{rel}","templated":true}]}}