{"id":390,"date":"2024-04-28T14:29:49","date_gmt":"2024-04-28T14:29:49","guid":{"rendered":"http:\/\/142.132.203.237\/~grenaaro\/?page_id=390"},"modified":"2026-02-19T10:11:29","modified_gmt":"2026-02-19T10:11:29","slug":"vinter","status":"publish","type":"page","link":"https:\/\/grenaaroklub.dk\/index.php\/vinter\/","title":{"rendered":"Vinter"},"content":{"rendered":"<p>[et_pb_section fb_built=&#8221;1&#8243; _builder_version=&#8221;4.27.0&#8243; _module_preset=&#8221;default&#8221; global_colors_info=&#8221;{}&#8221;][et_pb_row _builder_version=&#8221;4.24.3&#8243; _module_preset=&#8221;default&#8221; global_colors_info=&#8221;{}&#8221;][et_pb_column type=&#8221;4_4&#8243; _builder_version=&#8221;4.24.3&#8243; _module_preset=&#8221;default&#8221; global_colors_info=&#8221;{}&#8221;][et_pb_text _builder_version=&#8221;4.27.0&#8243; _module_preset=&#8221;default&#8221; custom_padding=&#8221;|||15px||&#8221; hover_enabled=&#8221;0&#8243; global_colors_info=&#8221;{}&#8221; sticky_enabled=&#8221;0&#8243;]<\/p>\n<h2 style=\"text-align: center;\"><strong><span data-contrast=\"auto\" xml:lang=\"DA-DK\" lang=\"DA-DK\" class=\"TextRun SCXW12628619 BCX0\"><span class=\"NormalTextRun SCXW12628619 BCX0\">\u00a0Vinter<\/span><\/span><span data-contrast=\"auto\" xml:lang=\"DA-DK\" lang=\"DA-DK\" class=\"TextRun SCXW12628619 BCX0\"><span class=\"NormalTextRun SCXW12628619 BCX0\"> &#8211; Ugeplan for faste aktiviteter<\/span><\/span><\/strong><\/h2>\n<p><b><span data-contrast=\"auto\">Mandag<\/span><\/b>\u00a0<span data-ccp-props=\"{&quot;201341983&quot;:0,&quot;335559685&quot;:1843,&quot;335559740&quot;:240,&quot;335559991&quot;:1843,&quot;469777462&quot;:[3261],&quot;469777927&quot;:[0],&quot;469777928&quot;:[1]}\">\u00a0<\/span><\/p>\n<p style=\"padding-left: 40px;\"><span data-contrast=\"auto\">kl.\u00a0 9.30 <b>\u201dRo-g\u00e6ngerne\u201d &#8211; Se program l\u00e6ngere nede<\/b><br \/>Vi m\u00f8des i roklubben og g\u00e5r forskellige ture.<\/span><span data-ccp-props=\"{&quot;201341983&quot;:0,&quot;335559685&quot;:1843,&quot;335559740&quot;:240,&quot;469777462&quot;:[3261],&quot;469777927&quot;:[0],&quot;469777928&quot;:[1]}\"><br \/><\/span><span data-contrast=\"auto\">kl. 17.00<\/span> <b><span data-contrast=\"auto\">\u201dPower tr\u00e6ning\u201d <\/span><\/b><span data-contrast=\"auto\">med bl.a. Ro-ergometertr\u00e6ning og cirkeltr\u00e6ning<\/span><span data-ccp-props=\"{&quot;201341983&quot;:0,&quot;335559685&quot;:1843,&quot;335559740&quot;:240,&quot;469777462&quot;:[3261],&quot;469777927&quot;:[0],&quot;469777928&quot;:[1]}\">\u00a0<\/span><\/p>\n<p><span data-ccp-props=\"{&quot;201341983&quot;:0,&quot;335559685&quot;:1843,&quot;335559740&quot;:240,&quot;469777462&quot;:[3261],&quot;469777927&quot;:[0],&quot;469777928&quot;:[1]}\"><\/span><\/p>\n<p><b><span data-contrast=\"auto\">Tirsdag<\/span><\/b><\/p>\n<p style=\"padding-left: 40px;\"><span data-contrast=\"auto\">kl.\u00a0 9.00<\/span> <b><span data-contrast=\"auto\">\u201dRo-ergometertr\u00e6ning\u201d<\/span><\/b><span data-ccp-props=\"{&quot;201341983&quot;:0,&quot;335559740&quot;:240,&quot;469777462&quot;:[1843,3261],&quot;469777927&quot;:[0,0],&quot;469777928&quot;:[1,1]}\">\u00a0<\/span><span data-contrast=\"auto\">Derefter kaffe og br\u00f8d i klubhuset<\/span><span data-ccp-props=\"{&quot;201341983&quot;:0,&quot;335559740&quot;:240,&quot;469777462&quot;:[1843,3261],&quot;469777927&quot;:[0,0],&quot;469777928&quot;:[1,1]}\"><br \/>kl. <\/span><span data-contrast=\"auto\">12-14<\/span> <b><span data-contrast=\"auto\">\u201dVinterbadning\u201d<br \/><\/span><\/b><span data-ccp-props=\"{&quot;201341983&quot;:0,&quot;335559740&quot;:240,&quot;469777462&quot;:[1843,3261],&quot;469777927&quot;:[0,0],&quot;469777928&quot;:[1,1]}\"><\/span><span data-contrast=\"auto\">Der bades i flere hold og saunaen er t\u00e6ndt.<\/span><span data-ccp-props=\"{&quot;201341983&quot;:0,&quot;335559740&quot;:240,&quot;469777462&quot;:[1843,3261],&quot;469777927&quot;:[0,0],&quot;469777928&quot;:[1,1]}\"><br \/><\/span><span data-contrast=\"auto\">Der laves kaffe ca. kl. 15.15<\/span><span data-ccp-props=\"{&quot;201341983&quot;:0,&quot;335559740&quot;:240,&quot;469777462&quot;:[1843,3261],&quot;469777927&quot;:[0,0],&quot;469777928&quot;:[1,1]}\">\u00a0<\/span><\/p>\n<p><b><span data-contrast=\"auto\">Onsdag<\/span><\/b><\/p>\n<p style=\"padding-left: 40px;\"><span data-contrast=\"auto\">kl. 19.00<\/span> <b><span data-contrast=\"auto\">\u201dKlubaften\u201d<\/span><\/b><span data-ccp-props=\"{&quot;201341983&quot;:0,&quot;335559740&quot;:240,&quot;469777462&quot;:[1843,3261],&quot;469777927&quot;:[0,0],&quot;469777928&quot;:[1,1]}\">\u00a0<\/span><span data-contrast=\"auto\">F\u00e6lles hygge og kaffe.\u00a0<\/span><span data-ccp-props=\"{&quot;201341983&quot;:0,&quot;335559740&quot;:240,&quot;469777462&quot;:[1843,3261],&quot;469777927&quot;:[0,0],&quot;469777928&quot;:[1,1]}\"><br \/><\/span><span data-contrast=\"auto\">Ca. en gang om mdr. er der f\u00e6llesspisning og <\/span> <span data-contrast=\"auto\">forskellige foredrag hen over vinteren.<\/span> <span data-ccp-props=\"{&quot;201341983&quot;:0,&quot;335559740&quot;:240,&quot;469777462&quot;:[1843,3261],&quot;469777927&quot;:[0,0],&quot;469777928&quot;:[1,1]}\">\u00a0<\/span><\/p>\n<p><b><span data-contrast=\"auto\">Torsdag<\/span><\/b><\/p>\n<p style=\"padding-left: 40px;\"><span data-contrast=\"auto\">Der er fri indend\u00f8rs tr\u00e6ning hele dagen.<\/span><span data-ccp-props=\"{&quot;201341983&quot;:0,&quot;335559740&quot;:240,&quot;469777462&quot;:[1843,3261],&quot;469777927&quot;:[0,0],&quot;469777928&quot;:[1,1]}\">\u00a0<\/span><\/p>\n<p><b><span data-contrast=\"auto\">Fredag<\/span><\/b><\/p>\n<p style=\"padding-left: 40px;\"><span data-contrast=\"auto\">kl.\u00a0 9.00<\/span> <b><span data-contrast=\"auto\">\u201dRo-ergometertr\u00e6ning\u201d<\/span><\/b><span data-ccp-props=\"{&quot;201341983&quot;:0,&quot;335559740&quot;:240,&quot;469777462&quot;:[1843,3261],&quot;469777927&quot;:[0,0],&quot;469777928&quot;:[1,1]}\">\u00a0<\/span><span data-contrast=\"auto\">Derefter kaffe og br\u00f8d i klubhuset<\/span><span data-ccp-props=\"{&quot;201341983&quot;:0,&quot;335559740&quot;:240,&quot;469777462&quot;:[1843,3261],&quot;469777927&quot;:[0,0],&quot;469777928&quot;:[1,1]}\">\u00a0<\/span><\/p>\n<p><span data-ccp-props=\"{&quot;201341983&quot;:0,&quot;335559740&quot;:240,&quot;469777462&quot;:[1843,3261],&quot;469777927&quot;:[0,0],&quot;469777928&quot;:[1,1]}\">\u00a0<\/span><b><span data-contrast=\"auto\">Som medlem er klubben \u00e5ben for individuel tr\u00e6ning hver dag hele ugen.<\/span><\/b><span data-ccp-props=\"{&quot;201341983&quot;:0,&quot;335551550&quot;:2,&quot;335551620&quot;:2,&quot;335559740&quot;:240,&quot;469777462&quot;:[1843,3261],&quot;469777927&quot;:[0,0],&quot;469777928&quot;:[1,1]}\">\u00a0<\/span><\/p>\n<p><span data-ccp-props=\"{&quot;201341983&quot;:0,&quot;335551550&quot;:2,&quot;335551620&quot;:2,&quot;335559740&quot;:240,&quot;469777462&quot;:[1843,3261],&quot;469777927&quot;:[0,0],&quot;469777928&quot;:[1,1]}\"><\/span><\/p>\n<p><strong>Program for Ro-g\u00e6ngerne:<\/strong><\/p>\n<p>Turene er p\u00e5 ca. 5-6 km.<\/p>\n<p>Tidspunkt vi m\u00f8des er kl. 9.30<\/p>\n<p><strong>Dato\u00a0 \u00a0 \u00a0 \u00a0 \u00a0 \u00a0 \u00a0 \u00a0 \u00a0 \u00a0Sted\u00a0 \u00a0 \u00a0 \u00a0 \u00a0 \u00a0 \u00a0 \u00a0 \u00a0 \u00a0 \u00a0 \u00a0 \u00a0 \u00a0 \u00a0 \u00a0 \u00a0 \u00a0 \u00a0 \u00a0 \u00a0 \u00a0 \u00a0 \u00a0 \u00a0 \u00a0 \u00a0 \u00a0 \u00a0 \u00a0 \u00a0 M\u00f8dested<\/strong><\/p>\n<p>3\/11-2025\u00a0 \u00a0 \u00a0 \u00a0 \u00a0 \u00a0\u00c5en (Kaffe i klubben)\u00a0 \u00a0 \u00a0 \u00a0 \u00a0 \u00a0 \u00a0 \u00a0 \u00a0 \u00a0 \u00a0 \u00a0 \u00a0 \u00a0 \u00a0 \u00a0 \u00a0 \u00a0 Roklubben<br \/>10\/11\u00a0 \u00a0 \u00a0 \u00a0 \u00a0 \u00a0 \u00a0 \u00a0 \u00a0 \u00a0Stranden (Ved det sidste toilet)\u00a0 \u00a0 \u00a0 \u00a0 \u00a0 \u00a0 \u00a0 \u00a0 \u00a0 Roklubben<br \/>17\/11\u00a0 \u00a0 \u00a0 \u00a0 \u00a0 \u00a0 \u00a0 \u00a0 \u00a0 \u00a0Kildeskoven\u00a0 \u00a0 \u00a0 \u00a0 \u00a0 \u00a0 \u00a0 \u00a0 \u00a0 \u00a0 \u00a0 \u00a0 \u00a0 \u00a0 \u00a0 \u00a0 \u00a0 \u00a0 \u00a0 \u00a0 \u00a0 \u00a0 \u00a0 \u00a0 \u00a0 \u00a0 \u00a0Pavillonen<br \/>24\/11\u00a0 \u00a0 \u00a0 \u00a0 \u00a0 \u00a0 \u00a0 \u00a0 \u00a0 \u00a0N\u00f8rres\u00f8 Rug\u00e5rd\u00a0 \u00a0 \u00a0 \u00a0 \u00a0 \u00a0 \u00a0 \u00a0 \u00a0 \u00a0 \u00a0 \u00a0 \u00a0 \u00a0 \u00a0 \u00a0 \u00a0 \u00a0 \u00a0 \u00a0 \u00a0 \u00a0 \u00a0Roklubben<br \/>1\/12\u00a0 \u00a0 \u00a0 \u00a0 \u00a0 \u00a0 \u00a0 \u00a0 \u00a0 \u00a0 \u00a0 Forn\u00e6s S\u00f8lyst\u00a0 \u00a0 \u00a0 \u00a0 \u00a0 \u00a0 \u00a0 \u00a0 \u00a0 \u00a0 \u00a0 \u00a0 \u00a0 \u00a0 \u00a0 \u00a0 \u00a0 \u00a0 \u00a0 \u00a0 \u00a0 \u00a0 \u00a0 \u00a0 Roklubben<br \/>8\/12\u00a0 \u00a0 \u00a0 \u00a0 \u00a0 \u00a0 \u00a0 \u00a0 \u00a0 \u00a0 \u00a0 Stranden\u00a0 \u00a0 \u00a0 \u00a0 \u00a0 \u00a0 \u00a0 \u00a0 \u00a0 \u00a0 \u00a0 \u00a0 \u00a0 \u00a0 \u00a0 \u00a0 \u00a0 \u00a0 \u00a0 \u00a0 \u00a0 \u00a0 \u00a0 \u00a0 \u00a0 \u00a0 \u00a0 \u00a0 \u00a0Roklubben<br \/>15\/12\u00a0 \u00a0 \u00a0 \u00a0 \u00a0 \u00a0 \u00a0 \u00a0 \u00a0 \u00a0 Skoven (Bagefter \u00e6bleskiver i klubben)\u00a0 \u00a0Roklubben<br \/>22\/12\u00a0 \u00a0 \u00a0 \u00a0 \u00a0 \u00a0 \u00a0 \u00a0 \u00a0 \u00a0Havnerundtur\u00a0 \u00a0 \u00a0 \u00a0 \u00a0 \u00a0 \u00a0 \u00a0 \u00a0 \u00a0 \u00a0 \u00a0 \u00a0 \u00a0 \u00a0 \u00a0 \u00a0 \u00a0 \u00a0 \u00a0 \u00a0 \u00a0 \u00a0 \u00a0 Roklubben<\/p>\n<p>5\/1-2026\u00a0 \u00a0 \u00a0 \u00a0 \u00a0 \u00a0 \u00a0Skovs\u00f8en\u00a0 \u00a0 \u00a0 \u00a0 \u00a0 \u00a0 \u00a0 \u00a0 \u00a0 \u00a0 \u00a0 \u00a0 \u00a0 \u00a0 \u00a0 \u00a0 \u00a0 \u00a0 \u00a0 \u00a0 \u00a0 \u00a0 \u00a0 \u00a0 \u00a0 \u00a0 \u00a0 \u00a0 \u00a0Roklubben<br \/>12\/1\u00a0 \u00a0 \u00a0 \u00a0 \u00a0 \u00a0 \u00a0 \u00a0 \u00a0 \u00a0 \u00a0 Golfbanen\u00a0 \u00a0 \u00a0 \u00a0 \u00a0 \u00a0 \u00a0 \u00a0 \u00a0 \u00a0 \u00a0 \u00a0 \u00a0 \u00a0 \u00a0 \u00a0 \u00a0 \u00a0 \u00a0 \u00a0 \u00a0 \u00a0 \u00a0 \u00a0 \u00a0 \u00a0 \u00a0 \u00a0 Pavillonen<br \/>19\/1\u00a0 \u00a0 \u00a0 \u00a0 \u00a0 \u00a0 \u00a0 \u00a0 \u00a0 \u00a0 \u00a0 Bog Peters hytte\u00a0 \u00a0 \u00a0 \u00a0 \u00a0 \u00a0 \u00a0 \u00a0 \u00a0 \u00a0 \u00a0 \u00a0 \u00a0 \u00a0 \u00a0 \u00a0 \u00a0 \u00a0 \u00a0 \u00a0 \u00a0 \u00a0 \u00a0Roklubben<br \/>26\/1\u00a0 \u00a0 \u00a0 \u00a0 \u00a0 \u00a0 \u00a0 \u00a0 \u00a0 \u00a0 \u00a0 M\u00f8llen\u00a0 \u00a0 \u00a0 \u00a0 \u00a0 \u00a0 \u00a0 \u00a0 \u00a0 \u00a0 \u00a0 \u00a0 \u00a0 \u00a0 \u00a0 \u00a0 \u00a0 \u00a0 \u00a0 \u00a0 \u00a0 \u00a0 \u00a0 \u00a0 \u00a0 \u00a0 \u00a0 \u00a0 \u00a0 \u00a0 \u00a0Biblioteket<br \/>2\/2\u00a0 \u00a0 \u00a0 \u00a0 \u00a0 \u00a0 \u00a0 \u00a0 \u00a0 \u00a0 \u00a0 \u00a0 \u00d8rnbjerg M\u00f8lle\u00a0 \u00a0 \u00a0 \u00a0 \u00a0 \u00a0 \u00a0 \u00a0 \u00a0 \u00a0 \u00a0 \u00a0 \u00a0 \u00a0 \u00a0 \u00a0 \u00a0 \u00a0 \u00a0 \u00a0 \u00a0 \u00a0 \u00a0 Roklubben<br \/>9\/2\u00a0 \u00a0 \u00a0 \u00a0 \u00a0 \u00a0 \u00a0 \u00a0 \u00a0 \u00a0 \u00a0 \u00a0 Bundgarnene Forn\u00e6s\u00a0 \u00a0 \u00a0 \u00a0 \u00a0 \u00a0 \u00a0 \u00a0 \u00a0 \u00a0 \u00a0 \u00a0 \u00a0 \u00a0 \u00a0 \u00a0 \u00a0 \u00a0Roklubben<br \/>16\/2\u00a0 \u00a0 \u00a0 \u00a0 \u00a0 \u00a0 \u00a0 \u00a0 \u00a0 \u00a0 \u00a0 Stranden (Fastelavnsboller i klubben)\u00a0 \u00a0 \u00a0 Roklubben<br \/>23\/2\u00a0 \u00a0 \u00a0 \u00a0 \u00a0 \u00a0 \u00a0 \u00a0 \u00a0 \u00a0 \u00a0 \u00d8je s\u00f8\u00a0 \u00a0 \u00a0 \u00a0 \u00a0 \u00a0 \u00a0 \u00a0 \u00a0 \u00a0 \u00a0 \u00a0 \u00a0 \u00a0 \u00a0 \u00a0 \u00a0 \u00a0 \u00a0 \u00a0 \u00a0 \u00a0 \u00a0 \u00a0 \u00a0 \u00a0 \u00a0 \u00a0 \u00a0 \u00a0 \u00a0 \u00a0Roklubben<br \/>2\/3\u00a0 \u00a0 \u00a0 \u00a0 \u00a0 \u00a0 \u00a0 \u00a0 \u00a0 \u00a0 \u00a0 \u00a0 Bytur (Keramiker \u00c5strupvej)\u00a0 \u00a0 \u00a0 \u00a0 \u00a0 \u00a0 \u00a0 \u00a0 \u00a0 \u00a0 \u00a0 \u00a0 LIDL<br \/>9\/3\u00a0 \u00a0 \u00a0 \u00a0 \u00a0 \u00a0 \u00a0 \u00a0 \u00a0 \u00a0 \u00a0 \u00a0 Stendysserne\u00a0 \u00a0 \u00a0 \u00a0 \u00a0 \u00a0 \u00a0 \u00a0 \u00a0 \u00a0 \u00a0 \u00a0 \u00a0 \u00a0 \u00a0 \u00a0 \u00a0 \u00a0 \u00a0 \u00a0 \u00a0 \u00a0 \u00a0 \u00a0 \u00a0 Roklubben<br \/>16\/3\u00a0 \u00a0 \u00a0 \u00a0 \u00a0 \u00a0 \u00a0 \u00a0 \u00a0 \u00a0 \u00a0 Rug\u00e5rd (Anemonetur)\u00a0 \u00a0 \u00a0 \u00a0 \u00a0 \u00a0 \u00a0 \u00a0 \u00a0 \u00a0 \u00a0 \u00a0 \u00a0 \u00a0 \u00a0 \u00a0 \u00a0 Roklubben<br \/>23\/3\u00a0 \u00a0 \u00a0 \u00a0 \u00a0 \u00a0 \u00a0 \u00a0 \u00a0 \u00a0 \u00a0 L\u00e6rkereden Katholm\u00a0 \u00a0 \u00a0 \u00a0 \u00a0 \u00a0 \u00a0 \u00a0 \u00a0 \u00a0 \u00a0 \u00a0 \u00a0 \u00a0 \u00a0 \u00a0 \u00a0 \u00a0Roklubben<br \/>30\/3\u00a0 \u00a0 \u00a0 \u00a0 \u00a0 \u00a0 \u00a0 \u00a0 \u00a0 \u00a0 \u00a0 Skoven (Afslutning)\u00a0 \u00a0 \u00a0 \u00a0 \u00a0 \u00a0 \u00a0 \u00a0 \u00a0 \u00a0 \u00a0 \u00a0 \u00a0 \u00a0 \u00a0 \u00a0 \u00a0 \u00a0 \u00a0 Roklubben<\/p>\n<p>April Efter aftale<\/p>\n<p>Med forbehold for \u00e6ndringer..<\/p>\n<p>&nbsp;<\/p>\n<p><span data-ccp-props=\"{&quot;201341983&quot;:0,&quot;335551550&quot;:2,&quot;335551620&quot;:2,&quot;335559740&quot;:240,&quot;469777462&quot;:[1843,3261],&quot;469777927&quot;:[0,0],&quot;469777928&quot;:[1,1]}\"><\/span><\/p>\n<p><span data-ccp-props=\"{&quot;201341983&quot;:0,&quot;335551550&quot;:2,&quot;335551620&quot;:2,&quot;335559740&quot;:240,&quot;469777462&quot;:[1843,3261],&quot;469777927&quot;:[0,0],&quot;469777928&quot;:[1,1]}\"><\/span><\/p>\n<p>[\/et_pb_text][\/et_pb_column][\/et_pb_row][\/et_pb_section]<\/p>\n","protected":false},"excerpt":{"rendered":"<p>\u00a0Vinter &#8211; Ugeplan for faste aktiviteter Mandag\u00a0\u00a0 kl.\u00a0 9.30 \u201dRo-g\u00e6ngerne\u201d &#8211; Se program l\u00e6ngere nedeVi m\u00f8des i roklubben og g\u00e5r forskellige ture.kl. 17.00 \u201dPower tr\u00e6ning\u201d med bl.a. Ro-ergometertr\u00e6ning og cirkeltr\u00e6ning\u00a0 Tirsdag kl.\u00a0 9.00 \u201dRo-ergometertr\u00e6ning\u201d\u00a0Derefter kaffe og br\u00f8d i klubhusetkl. 12-14 \u201dVinterbadning\u201dDer bades i flere hold og saunaen er t\u00e6ndt.Der laves kaffe ca. kl. 15.15\u00a0 Onsdag [&hellip;]<\/p>\n","protected":false},"author":1,"featured_media":0,"parent":0,"menu_order":0,"comment_status":"closed","ping_status":"closed","template":"","meta":{"_et_pb_use_builder":"on","_et_pb_old_content":"","_et_gb_content_width":"","footnotes":""},"class_list":["post-390","page","type-page","status-publish","hentry"],"_links":{"self":[{"href":"https:\/\/grenaaroklub.dk\/index.php\/wp-json\/wp\/v2\/pages\/390","targetHints":{"allow":["GET"]}}],"collection":[{"href":"https:\/\/grenaaroklub.dk\/index.php\/wp-json\/wp\/v2\/pages"}],"about":[{"href":"https:\/\/grenaaroklub.dk\/index.php\/wp-json\/wp\/v2\/types\/page"}],"author":[{"embeddable":true,"href":"https:\/\/grenaaroklub.dk\/index.php\/wp-json\/wp\/v2\/users\/1"}],"replies":[{"embeddable":true,"href":"https:\/\/grenaaroklub.dk\/index.php\/wp-json\/wp\/v2\/comments?post=390"}],"version-history":[{"count":9,"href":"https:\/\/grenaaroklub.dk\/index.php\/wp-json\/wp\/v2\/pages\/390\/revisions"}],"predecessor-version":[{"id":490,"href":"https:\/\/grenaaroklub.dk\/index.php\/wp-json\/wp\/v2\/pages\/390\/revisions\/490"}],"wp:attachment":[{"href":"https:\/\/grenaaroklub.dk\/index.php\/wp-json\/wp\/v2\/media?parent=390"}],"curies":[{"name":"wp","href":"https:\/\/api.w.org\/{rel}","templated":true}]}}