{"id":344,"date":"2024-04-28T08:32:22","date_gmt":"2024-04-28T08:32:22","guid":{"rendered":"http:\/\/142.132.203.237\/~grenaaro\/?page_id=344"},"modified":"2026-02-19T10:25:36","modified_gmt":"2026-02-19T10:25:36","slug":"gaesteroer","status":"publish","type":"page","link":"https:\/\/grenaaroklub.dk\/index.php\/gaesteroer\/","title":{"rendered":"G\u00e6steroer"},"content":{"rendered":"<p>[et_pb_section fb_built=&#8221;1&#8243; _builder_version=&#8221;4.24.3&#8243; _module_preset=&#8221;default&#8221; custom_padding=&#8221;4px||6px|||&#8221; global_colors_info=&#8221;{}&#8221;][et_pb_row _builder_version=&#8221;4.24.3&#8243; _module_preset=&#8221;default&#8221; min_height=&#8221;240px&#8221; custom_padding=&#8221;||13px|||&#8221; global_colors_info=&#8221;{}&#8221;][et_pb_column type=&#8221;4_4&#8243; _builder_version=&#8221;4.24.3&#8243; _module_preset=&#8221;default&#8221; global_colors_info=&#8221;{}&#8221;][et_pb_text _builder_version=&#8221;4.27.0&#8243; _module_preset=&#8221;default&#8221; custom_margin=&#8221;||9px|||&#8221; custom_padding=&#8221;||25px|||&#8221; hover_enabled=&#8221;0&#8243; global_colors_info=&#8221;{}&#8221; sticky_enabled=&#8221;0&#8243;]<\/p>\n<h2 style=\"text-align: center;\"><strong>G\u00e6ste roer i Grenaa Roklub<\/strong><\/h2>\n<p><strong>OBS!<\/strong> Kommer du som g\u00e6steroer p\u00e5 klub aften er det gratis at ro med. Vil du leje en b\u00e5d er nedenst\u00e5ende priser g\u00e6ldende.<\/p>\n<p><strong>V\u00e6r s\u00e6rlig opm\u00e6rksom p\u00e5 &#8220;Forbudt omr\u00e5de i Havnen&#8221; samt godkendt ro rute i havnen.\u00a0 &#8211; <\/strong><strong>Se billeder nederst.<\/strong><\/p>\n<p>[\/et_pb_text][et_pb_pricing_tables _builder_version=&#8221;4.24.3&#8243; _module_preset=&#8221;default&#8221; hover_enabled=&#8221;0&#8243; global_colors_info=&#8221;{}&#8221; sticky_enabled=&#8221;0&#8243;][et_pb_pricing_table title=&#8221;Overnatning&#8221; subtitle=&#8221;pr. person pr. nat&#8221; sum=&#8221;50,-&#8221; _builder_version=&#8221;4.24.3&#8243; _module_preset=&#8221;default&#8221; box_shadow_style=&#8221;preset3&#8243; global_colors_info=&#8221;{}&#8221; sticky_transition=&#8221;on&#8221;]<\/p>\n<p><span>For mere information kontakt bestyrelsen.<\/span><\/p>\n<p>[\/et_pb_pricing_table][et_pb_pricing_table title=&#8221;L\u00e5n af b\u00e5d&#8221; subtitle=&#8221;pr. s\u00e6de pr. dag&#8221; sum=&#8221;50,-&#8221; _builder_version=&#8221;4.24.3&#8243; _module_preset=&#8221;default&#8221; box_shadow_style=&#8221;preset3&#8243; global_colors_info=&#8221;{}&#8221; content__hover_enabled=&#8221;off|desktop&#8221; sticky_transition=&#8221;on&#8221;]<\/p>\n<p><span>For mere information kontakt bestyrelsen.<\/span><\/p>\n<p>[\/et_pb_pricing_table][\/et_pb_pricing_tables][et_pb_image src=&#8221;https:\/\/grenaaroklub.dk\/wp-content\/uploads\/2026\/02\/ro-rute-i-havnen.png&#8221; alt=&#8221;V\u00e6r obs p\u00e5 !<br \/>\n%22Forbudt omr\u00e5de%22<br \/>\ni havnen.&#8221; title_text=&#8221;godkendt ro rute i havnen.&#8221; _builder_version=&#8221;4.27.0&#8243; _module_preset=&#8221;default&#8221; global_colors_info=&#8221;{}&#8221;][\/et_pb_image][\/et_pb_column][\/et_pb_row][\/et_pb_section][et_pb_section fb_built=&#8221;1&#8243; _builder_version=&#8221;4.27.0&#8243; _module_preset=&#8221;default&#8221; global_colors_info=&#8221;{}&#8221;][\/et_pb_section][et_pb_section fb_built=&#8221;1&#8243; fullwidth=&#8221;on&#8221; _builder_version=&#8221;4.27.0&#8243; _module_preset=&#8221;default&#8221; global_colors_info=&#8221;{}&#8221;][\/et_pb_section]<\/p>\n","protected":false},"excerpt":{"rendered":"<p>G\u00e6ste roer i Grenaa Roklub OBS! Kommer du som g\u00e6steroer p\u00e5 klub aften er det gratis at ro med. Vil du leje en b\u00e5d er nedenst\u00e5ende priser g\u00e6ldende. V\u00e6r s\u00e6rlig opm\u00e6rksom p\u00e5 &#8220;Forbudt omr\u00e5de i Havnen&#8221; samt godkendt ro rute i havnen.\u00a0 &#8211; Se billeder nederst.For mere information kontakt bestyrelsen.For mere information kontakt bestyrelsen.<\/p>\n","protected":false},"author":1,"featured_media":0,"parent":0,"menu_order":0,"comment_status":"closed","ping_status":"closed","template":"","meta":{"_et_pb_use_builder":"on","_et_pb_old_content":"","_et_gb_content_width":"","footnotes":""},"class_list":["post-344","page","type-page","status-publish","hentry"],"_links":{"self":[{"href":"https:\/\/grenaaroklub.dk\/index.php\/wp-json\/wp\/v2\/pages\/344","targetHints":{"allow":["GET"]}}],"collection":[{"href":"https:\/\/grenaaroklub.dk\/index.php\/wp-json\/wp\/v2\/pages"}],"about":[{"href":"https:\/\/grenaaroklub.dk\/index.php\/wp-json\/wp\/v2\/types\/page"}],"author":[{"embeddable":true,"href":"https:\/\/grenaaroklub.dk\/index.php\/wp-json\/wp\/v2\/users\/1"}],"replies":[{"embeddable":true,"href":"https:\/\/grenaaroklub.dk\/index.php\/wp-json\/wp\/v2\/comments?post=344"}],"version-history":[{"count":8,"href":"https:\/\/grenaaroklub.dk\/index.php\/wp-json\/wp\/v2\/pages\/344\/revisions"}],"predecessor-version":[{"id":494,"href":"https:\/\/grenaaroklub.dk\/index.php\/wp-json\/wp\/v2\/pages\/344\/revisions\/494"}],"wp:attachment":[{"href":"https:\/\/grenaaroklub.dk\/index.php\/wp-json\/wp\/v2\/media?parent=344"}],"curies":[{"name":"wp","href":"https:\/\/api.w.org\/{rel}","templated":true}]}}