{"id":340,"date":"2024-04-28T08:31:05","date_gmt":"2024-04-28T08:31:05","guid":{"rendered":"http:\/\/142.132.203.237\/~grenaaro\/?page_id=340"},"modified":"2026-03-11T14:22:50","modified_gmt":"2026-03-11T14:22:50","slug":"bliv-medlem","status":"publish","type":"page","link":"https:\/\/grenaaroklub.dk\/index.php\/bliv-medlem\/","title":{"rendered":"Bliv medlem"},"content":{"rendered":"<p>[et_pb_section fb_built=&#8221;1&#8243; _builder_version=&#8221;4.24.3&#8243; _module_preset=&#8221;default&#8221; custom_padding=&#8221;4px||6px|||&#8221; global_colors_info=&#8221;{}&#8221;][et_pb_row _builder_version=&#8221;4.24.3&#8243; _module_preset=&#8221;default&#8221; min_height=&#8221;175px&#8221; custom_padding=&#8221;||0px|||&#8221; global_colors_info=&#8221;{}&#8221;][et_pb_column type=&#8221;4_4&#8243; _builder_version=&#8221;4.24.3&#8243; _module_preset=&#8221;default&#8221; global_colors_info=&#8221;{}&#8221;][et_pb_text _builder_version=&#8221;4.24.3&#8243; _module_preset=&#8221;default&#8221; custom_margin=&#8221;||1px|||&#8221; custom_padding=&#8221;||1px|||&#8221; global_colors_info=&#8221;{}&#8221;]<\/p>\n<h2 style=\"text-align: center;\"><b><span data-contrast=\"auto\">Bliv medlem\u00a0<\/span><\/b><span data-ccp-props=\"{}\">\u00a0<\/span><\/h2>\n<p style=\"text-align: center;\"><span data-ccp-props=\"{}\"><\/span><\/p>\n<p><span data-contrast=\"auto\">Har du lyst til at blive medlem af Grenaa Roklub?<br \/><\/span><span data-contrast=\"auto\">S\u00e5 kom ned i klubben og m\u00e6rk stemningen.\u00a0<\/span><span data-contrast=\"auto\">Vi har klub aften hver onsdag mellem kl. 19 og 21.<\/span><span data-ccp-props=\"{}\">\u00a0<\/span><span data-contrast=\"auto\">Ellers du kan ringe til en fra bestyrelsen for mere information.<\/span><span data-ccp-props=\"{}\">\u00a0<\/span><span data-contrast=\"auto\">Er det noget for dig, er 1. mdr. kontingent gratis.<\/span><\/p>\n<p>[\/et_pb_text][\/et_pb_column][\/et_pb_row][et_pb_row _builder_version=&#8221;4.24.3&#8243; _module_preset=&#8221;default&#8221; global_colors_info=&#8221;{}&#8221;][et_pb_column type=&#8221;4_4&#8243; _builder_version=&#8221;4.24.3&#8243; _module_preset=&#8221;default&#8221; global_colors_info=&#8221;{}&#8221;][et_pb_pricing_tables _builder_version=&#8221;4.27.0&#8243; _module_preset=&#8221;default&#8221; hover_enabled=&#8221;0&#8243; global_colors_info=&#8221;{}&#8221; sticky_enabled=&#8221;0&#8243;][et_pb_pricing_table featured=&#8221;on&#8221; title=&#8221;Fuldt medlemskab&#8221; per=&#8221;2 gange \u00e5rligt&#8221; sum=&#8221;750,-&#8221; _builder_version=&#8221;4.24.3&#8243; _module_preset=&#8221;default&#8221; box_shadow_style=&#8221;preset1&#8243; global_colors_info=&#8221;{}&#8221; sticky_transition=&#8221;on&#8221;]<\/p>\n<p>Alle faciliteter i klubben kan benyttes s\u00e5som<\/p>\n<p>Aktivitet p\u00e5 vand<br \/>Aktivitet i tr\u00e6ningsrum, bad, sauna mod brugerbetaling, vinterbadning, g\u00e5ture med Ro-g\u00e6ngerne samt diverse klubaktiviteter.<\/p>\n<p>[\/et_pb_pricing_table][et_pb_pricing_table title=&#8221;Vinterbadning&#8221; per=&#8221;\u00e5rligt&#8221; sum=&#8221;750,-&#8221; _builder_version=&#8221;4.24.3&#8243; _module_preset=&#8221;default&#8221; box_shadow_style=&#8221;preset3&#8243; global_colors_info=&#8221;{}&#8221; sticky_transition=&#8221;on&#8221;]<\/p>\n<p>Mulighed for at benytte bad, sauna mod brugerbetaling, samt samme rettigheder som Passiv medlem.<\/p>\n<p>[\/et_pb_pricing_table][et_pb_pricing_table title=&#8221;Passivt medlemskab&#8221; per=&#8221;\u00e5rligt&#8221; sum=&#8221;150,-&#8221; _builder_version=&#8221;4.24.3&#8243; _module_preset=&#8221;default&#8221; box_shadow_style=&#8221;preset3&#8243; box_shadow_horizontal=&#8221;12px&#8221; global_colors_info=&#8221;{}&#8221; sticky_transition=&#8221;on&#8221;]<\/p>\n<p>Deltagelse af klubbens sociale liv s\u00e5som \u2013 Klubaften, f\u00e6llesspisning, foredrag, g\u00e5ture med G\u00e5-g\u00e6ngerne m.m.<\/p>\n<p>[\/et_pb_pricing_table][\/et_pb_pricing_tables][\/et_pb_column][\/et_pb_row][\/et_pb_section]<\/p>\n","protected":false},"excerpt":{"rendered":"<p>Bliv medlem\u00a0\u00a0 Har du lyst til at blive medlem af Grenaa Roklub?S\u00e5 kom ned i klubben og m\u00e6rk stemningen.\u00a0Vi har klub aften hver onsdag mellem kl. 19 og 21.\u00a0Ellers du kan ringe til en fra bestyrelsen for mere information.\u00a0Er det noget for dig, er 1. mdr. kontingent gratis.Alle faciliteter i klubben kan benyttes s\u00e5som Aktivitet [&hellip;]<\/p>\n","protected":false},"author":1,"featured_media":0,"parent":0,"menu_order":0,"comment_status":"closed","ping_status":"closed","template":"","meta":{"_et_pb_use_builder":"on","_et_pb_old_content":"","_et_gb_content_width":"","footnotes":""},"class_list":["post-340","page","type-page","status-publish","hentry"],"_links":{"self":[{"href":"https:\/\/grenaaroklub.dk\/index.php\/wp-json\/wp\/v2\/pages\/340","targetHints":{"allow":["GET"]}}],"collection":[{"href":"https:\/\/grenaaroklub.dk\/index.php\/wp-json\/wp\/v2\/pages"}],"about":[{"href":"https:\/\/grenaaroklub.dk\/index.php\/wp-json\/wp\/v2\/types\/page"}],"author":[{"embeddable":true,"href":"https:\/\/grenaaroklub.dk\/index.php\/wp-json\/wp\/v2\/users\/1"}],"replies":[{"embeddable":true,"href":"https:\/\/grenaaroklub.dk\/index.php\/wp-json\/wp\/v2\/comments?post=340"}],"version-history":[{"count":9,"href":"https:\/\/grenaaroklub.dk\/index.php\/wp-json\/wp\/v2\/pages\/340\/revisions"}],"predecessor-version":[{"id":502,"href":"https:\/\/grenaaroklub.dk\/index.php\/wp-json\/wp\/v2\/pages\/340\/revisions\/502"}],"wp:attachment":[{"href":"https:\/\/grenaaroklub.dk\/index.php\/wp-json\/wp\/v2\/media?parent=340"}],"curies":[{"name":"wp","href":"https:\/\/api.w.org\/{rel}","templated":true}]}}