{"id":308,"date":"2024-04-28T07:03:49","date_gmt":"2024-04-28T07:03:49","guid":{"rendered":"http:\/\/142.132.203.237\/~grenaaro\/?page_id=308"},"modified":"2026-03-11T14:29:09","modified_gmt":"2026-03-11T14:29:09","slug":"aktivitetskalender","status":"publish","type":"page","link":"https:\/\/grenaaroklub.dk\/index.php\/aktivitetskalender\/","title":{"rendered":"Aktivitetskalender"},"content":{"rendered":"<p>[et_pb_section fb_built=&#8221;1&#8243; _builder_version=&#8221;4.24.2&#8243; _module_preset=&#8221;default&#8221; custom_padding=&#8221;5px|||||&#8221; global_colors_info=&#8221;{}&#8221;][et_pb_row _builder_version=&#8221;4.27.0&#8243; _module_preset=&#8221;default&#8221; collapsed=&#8221;off&#8221; global_colors_info=&#8221;{}&#8221;][et_pb_column type=&#8221;4_4&#8243; _builder_version=&#8221;4.24.3&#8243; _module_preset=&#8221;default&#8221; global_colors_info=&#8221;{}&#8221;][et_pb_text _builder_version=&#8221;4.27.0&#8243; _module_preset=&#8221;default&#8221; custom_padding=&#8221;|||15px||&#8221; hover_enabled=&#8221;0&#8243; global_colors_info=&#8221;{}&#8221; sticky_enabled=&#8221;0&#8243;]<\/p>\n<h2 style=\"text-align: center;\"><\/h2>\n<h2 style=\"text-align: center;\">\u00a0 \u00a0 \u00a0 \u00a0 \u00a0<strong>Hus- og Aktivitetskalender 2025\/2026<\/strong><\/h2>\n<p style=\"text-align: left;\"><strong><\/strong><\/p>\n<p style=\"text-align: left;\"><strong>F\u00e6llesspisning (Stegt fl\u00e6sk)\u00a0 \u00a0 \u00a0 \u00a0 \u00a0 \u00a0 \u00a0 \u00a0 \u00a0 \u00a0 \u00a0 \u00a0 \u00a0 \u00a0 \u00a0 \u00a0 \u00a0 \u00a0 \u00a03. december\u00a0 \u00a02025<\/strong><\/p>\n<p style=\"text-align: left;\"><strong>Gl\u00f8gg og \u00e6bleskiver\u00a0 \u00a0 \u00a0 \u00a0 \u00a0 \u00a0 \u00a0 \u00a0 \u00a0 \u00a0 \u00a0 \u00a0 \u00a0 \u00a0 \u00a0 \u00a0 \u00a0 \u00a0 \u00a0 \u00a0 \u00a0 \u00a0 \u00a0 \u00a0 \u00a0 \u00a017. december\u00a0 \u00a0 2025<\/strong><\/p>\n<p style=\"text-align: left;\"><strong>Vi \u00f8nsker godt Nyt\u00e5r i klubben\u00a0 \u00a0 \u00a0 \u00a0 \u00a0 \u00a0 \u00a0 \u00a0 \u00a0 \u00a0 \u00a0 \u00a0 \u00a0 \u00a0 \u00a0 31. december\u00a0 \u00a02025<\/strong><\/p>\n<p style=\"text-align: left;\"><strong>Husudvalgets julefrokost\u00a0 \u00a0 \u00a0 \u00a0 \u00a0 \u00a0 \u00a0 \u00a0 \u00a0 \u00a0 \u00a0 \u00a0 \u00a0 \u00a0 \u00a0 \u00a0 \u00a0 \u00a0 \u00a0 \u00a0 \u00a017. januar\u00a0 \u00a0 \u00a0 \u00a0 \u00a0 2026<\/strong><\/p>\n<p style=\"text-align: left;\"><strong>Lav din egen kryddersnaps\u00a0 \u00a0 \u00a0 \u00a0 \u00a0 \u00a0 \u00a0 \u00a0 \u00a0 \u00a0 \u00a0 \u00a0 \u00a0 \u00a0 \u00a0 \u00a0 \u00a0 \u00a0 \u00a028. januar\u00a0 \u00a0 \u00a0 \u00a0 \u00a02026<\/strong><\/p>\n<p style=\"text-align: left;\"><strong>F\u00e6llesspisning\u00a0 \u00a0 \u00a0 \u00a0 \u00a0 \u00a0 \u00a0 \u00a0 \u00a0 \u00a0 \u00a0 \u00a0 \u00a0 \u00a0 \u00a0 \u00a0 \u00a0 \u00a0 \u00a0 \u00a0 \u00a0 \u00a0 \u00a0 \u00a0 \u00a0 \u00a0 \u00a0 \u00a0 \u00a0 \u00a0 \u00a0 \u00a0 4. februar\u00a0 \u00a0 \u00a0 \u00a02026<\/strong><strong><\/strong><\/p>\n<p style=\"text-align: left;\"><strong>Generalforsamling\u00a0 \u00a0 \u00a0 \u00a0 \u00a0 \u00a0 \u00a0 \u00a0 \u00a0 \u00a0 \u00a0 \u00a0 \u00a0 \u00a0 \u00a0 \u00a0 \u00a0 \u00a0 \u00a0 \u00a0 \u00a0 \u00a0 \u00a0 \u00a0 \u00a0 \u00a0 \u00a0 18. februar\u00a0 \u00a0 \u00a0 \u00a02026<\/strong><strong><\/strong><\/p>\n<p style=\"text-align: left;\"><strong>F\u00e6llesspisning\u00a0 \u00a0 \u00a0 \u00a0 \u00a0 \u00a0 \u00a0 \u00a0 \u00a0 \u00a0 \u00a0 \u00a0 \u00a0 \u00a0 \u00a0 \u00a0 \u00a0 \u00a0 \u00a0 \u00a0 \u00a0 \u00a0 \u00a0 \u00a0 \u00a0 \u00a0 \u00a0 \u00a0 \u00a0 \u00a0 \u00a0 \u00a0 4. marts\u00a0 \u00a0 \u00a0 \u00a0 \u00a0 2026<\/strong><\/p>\n<p style=\"text-align: left;\"><strong>Standerhejsning\u00a0 \u00a0 \u00a0 \u00a0 \u00a0 \u00a0 \u00a0 \u00a0 \u00a0 \u00a0 \u00a0 \u00a0 \u00a0 \u00a0 \u00a0 \u00a0 \u00a0 \u00a0 \u00a0 \u00a0 \u00a0 \u00a0 \u00a0 \u00a0 \u00a0 \u00a0 \u00a0 \u00a0 \u00a0 28. marts\u00a0 \u00a0 \u00a0 \u00a0 \u00a0 2026<\/strong><strong><\/strong><\/p>\n<p style=\"text-align: left;\"><strong>Pinsetur til Enslevg\u00e5rden\u00a0 \u00a0 \u00a0 \u00a0 \u00a0 \u00a0 \u00a0 \u00a0 \u00a0 \u00a0 \u00a0 \u00a0 \u00a0 \u00a0 \u00a0 \u00a0 \u00a0 \u00a0 \u00a0 \u00a0 \u00a025. maj\u00a0 \u00a0 \u00a0 \u00a0 \u00a0 \u00a0 \u00a0 2026<\/strong><\/p>\n<p style=\"text-align: left;\"><strong>F\u00e6lles klubtur til Odense\u00a0 \u00a0 \u00a0 \u00a0 \u00a0 \u00a0 \u00a0 \u00a0 \u00a0 \u00a0 \u00a0 \u00a0 \u00a0 \u00a0 \u00a0 \u00a0 \u00a0 \u00a0 29-31. maj\u00a0 \u00a0 \u00a0 \u00a0 \u00a0 \u00a0 \u00a0 2026<\/strong><\/p>\n<p style=\"text-align: left;\"><strong>Rotur ud fra \u00c5rhus Roklub\u00a0 \u00a0 \u00a0 \u00a0 \u00a0 \u00a0 \u00a0 \u00a0 \u00a0 \u00a0 \u00a0 \u00a0 \u00a0 \u00a0 \u00a0 \u00a0 \u00a0 \u00a0 \u00a020. juni\u00a0 \u00a0 \u00a0 \u00a0 \u00a0 \u00a0 \u00a0 \u00a02026<\/strong><\/p>\n<p style=\"text-align: left;\"><strong>Sankt Hans med spisning\u00a0 \u00a0 \u00a0 \u00a0 \u00a0 \u00a0 \u00a0 \u00a0 \u00a0 \u00a0 \u00a0 \u00a0 \u00a0 \u00a0 \u00a0 \u00a0 \u00a0 \u00a0 \u00a0 \u00a0 23. juni\u00a0 \u00a0 \u00a0 \u00a0 \u00a0 \u00a0 \u00a0 \u00a02026<\/strong><\/p>\n<p style=\"text-align: left;\"><strong>Standerstrygning\u00a0 \u00a0 \u00a0 \u00a0 \u00a0 \u00a0 \u00a0 \u00a0 \u00a0 \u00a0 \u00a0 \u00a0 \u00a0 \u00a0 \u00a0 \u00a0 \u00a0 \u00a0 \u00a0 \u00a0 \u00a0 \u00a0 \u00a0 \u00a0 \u00a0 \u00a0 \u00a0 \u00a0 24. Oktober\u00a0 \u00a0 \u00a0 2026<\/strong><\/p>\n<p style=\"text-align: left;\">Foruden dette er der g\u00e5turene om mandagen. Opslag om m\u00f8dested og rute p\u00e5 opslagstavlen i klubben.<\/p>\n<p style=\"text-align: left;\"><b>Husudvalget<\/b><\/p>\n<p style=\"text-align: left;\"><b><\/b><\/p>\n<p><b><\/b><\/p>\n<p style=\"text-align: left;\"><b><\/b><\/p>\n<p><b><\/b><\/p>\n<p><strong style=\"font-size: 14px; text-align: left; color: #666666;\"><\/strong><\/p>\n<p>&nbsp;<\/p>\n<p>[\/et_pb_text][\/et_pb_column][\/et_pb_row][\/et_pb_section]<\/p>\n","protected":false},"excerpt":{"rendered":"<p>\u00a0 \u00a0 \u00a0 \u00a0 \u00a0Hus- og Aktivitetskalender 2025\/2026 F\u00e6llesspisning (Stegt fl\u00e6sk)\u00a0 \u00a0 \u00a0 \u00a0 \u00a0 \u00a0 \u00a0 \u00a0 \u00a0 \u00a0 \u00a0 \u00a0 \u00a0 \u00a0 \u00a0 \u00a0 \u00a0 \u00a0 \u00a03. december\u00a0 \u00a02025 Gl\u00f8gg og \u00e6bleskiver\u00a0 \u00a0 \u00a0 \u00a0 \u00a0 \u00a0 \u00a0 \u00a0 \u00a0 \u00a0 \u00a0 \u00a0 \u00a0 \u00a0 \u00a0 \u00a0 \u00a0 \u00a0 \u00a0 \u00a0 \u00a0 \u00a0 [&hellip;]<\/p>\n","protected":false},"author":1,"featured_media":0,"parent":0,"menu_order":0,"comment_status":"closed","ping_status":"closed","template":"","meta":{"_et_pb_use_builder":"on","_et_pb_old_content":"","_et_gb_content_width":"","footnotes":""},"class_list":["post-308","page","type-page","status-publish","hentry"],"_links":{"self":[{"href":"https:\/\/grenaaroklub.dk\/index.php\/wp-json\/wp\/v2\/pages\/308","targetHints":{"allow":["GET"]}}],"collection":[{"href":"https:\/\/grenaaroklub.dk\/index.php\/wp-json\/wp\/v2\/pages"}],"about":[{"href":"https:\/\/grenaaroklub.dk\/index.php\/wp-json\/wp\/v2\/types\/page"}],"author":[{"embeddable":true,"href":"https:\/\/grenaaroklub.dk\/index.php\/wp-json\/wp\/v2\/users\/1"}],"replies":[{"embeddable":true,"href":"https:\/\/grenaaroklub.dk\/index.php\/wp-json\/wp\/v2\/comments?post=308"}],"version-history":[{"count":35,"href":"https:\/\/grenaaroklub.dk\/index.php\/wp-json\/wp\/v2\/pages\/308\/revisions"}],"predecessor-version":[{"id":507,"href":"https:\/\/grenaaroklub.dk\/index.php\/wp-json\/wp\/v2\/pages\/308\/revisions\/507"}],"wp:attachment":[{"href":"https:\/\/grenaaroklub.dk\/index.php\/wp-json\/wp\/v2\/media?parent=308"}],"curies":[{"name":"wp","href":"https:\/\/api.w.org\/{rel}","templated":true}]}}