{"id":301,"date":"2024-04-28T06:56:44","date_gmt":"2024-04-28T06:56:44","guid":{"rendered":"http:\/\/142.132.203.237\/~grenaaro\/?page_id=301"},"modified":"2024-04-28T07:56:29","modified_gmt":"2024-04-28T07:56:29","slug":"301-2","status":"publish","type":"page","link":"https:\/\/grenaaroklub.dk\/index.php\/301-2\/","title":{"rendered":"Aktiviteter"},"content":{"rendered":"<p>[et_pb_section fb_built=&#8221;1&#8243; _builder_version=&#8221;4.24.3&#8243; _module_preset=&#8221;default&#8221; custom_padding=&#8221;4px|||||&#8221; global_colors_info=&#8221;{}&#8221;][et_pb_row _builder_version=&#8221;4.24.3&#8243; _module_preset=&#8221;default&#8221; min_height=&#8221;240px&#8221; custom_padding=&#8221;||31px|||&#8221; global_colors_info=&#8221;{}&#8221;][et_pb_column type=&#8221;4_4&#8243; _builder_version=&#8221;4.24.3&#8243; _module_preset=&#8221;default&#8221; global_colors_info=&#8221;{}&#8221;][et_pb_text _builder_version=&#8221;4.24.3&#8243; _module_preset=&#8221;default&#8221; global_colors_info=&#8221;{}&#8221;]<\/p>\n<p style=\"text-align: center;\"><strong>\u00a0<\/strong><b><span data-contrast=\"none\">Velkommen til Grenaa Roklub\u00a0<\/span><\/b><span data-ccp-props=\"{&quot;134233117&quot;:false,&quot;134233118&quot;:false,&quot;201341983&quot;:0,&quot;335557856&quot;:16777215,&quot;335559738&quot;:0,&quot;335559739&quot;:0,&quot;335559740&quot;:240}\">\u00a0<\/span><\/p>\n<p style=\"text-align: center;\"><b><span data-contrast=\"none\">&#8211; Ro-motion er Go-motion<\/span><\/b><span data-ccp-props=\"{&quot;134233117&quot;:false,&quot;134233118&quot;:false,&quot;201341983&quot;:0,&quot;335557856&quot;:16777215,&quot;335559738&quot;:0,&quot;335559739&quot;:0,&quot;335559740&quot;:240}\">\u00a0<\/span><\/p>\n<p><span data-contrast=\"auto\">Grenaa Roklub er en gammel roklub fra 1937 med ca. 80 ro medlemmer.<\/span><span data-ccp-props=\"{&quot;201341983&quot;:0,&quot;335559739&quot;:0,&quot;335559740&quot;:240}\">\u00a0<\/span><\/p>\n<p><b><span data-contrast=\"auto\">\u2013 <\/span><\/b><span data-contrast=\"auto\">Vi er stolte af at kunne tilbyde unikke rammer for sp\u00e6ndende oplevelser p\u00e5 vandet samt eget klubhus for alle, der deler gl\u00e6den til roning og f\u00e6llesskabet omkring det. Vi har b\u00e5de rob\u00e5de i tr\u00e6 og glasfiber, single sculler samt kajakker.<\/span><span data-ccp-props=\"{&quot;134233117&quot;:false,&quot;134233118&quot;:false,&quot;201341983&quot;:0,&quot;335557856&quot;:16777215,&quot;335559738&quot;:0,&quot;335559739&quot;:0,&quot;335559740&quot;:240}\"><br \/><\/span><span data-contrast=\"auto\">I l\u00f8bet af s\u00e6sonen arrangeres weekend og ferieture.<\/span><\/p>\n<p><span data-ccp-props=\"{&quot;134233117&quot;:false,&quot;134233118&quot;:false,&quot;201341983&quot;:0,&quot;335557856&quot;:16777215,&quot;335559738&quot;:0,&quot;335559739&quot;:0,&quot;335559740&quot;:240}\"><\/span><span data-contrast=\"auto\">Vi tilbyder ogs\u00e5 mulighed for indend\u00f8rs E-roning i vores nyetableret motionsrum, s\u00e5 du kan tr\u00e6ne \u00e5ret rundt, uanset vejrforholdene.<\/span><span data-ccp-props=\"{&quot;134233117&quot;:false,&quot;134233118&quot;:false,&quot;201341983&quot;:0,&quot;335557856&quot;:16777215,&quot;335559738&quot;:0,&quot;335559739&quot;:0,&quot;335559740&quot;:240}\"><br \/><\/span><span data-contrast=\"auto\">Vores dygtige instrukt\u00f8rer st\u00e5r klar til at hj\u00e6lpe dig i gang.\u00a0<\/span><span data-ccp-props=\"{&quot;134233117&quot;:false,&quot;134233118&quot;:false,&quot;201341983&quot;:0,&quot;335557856&quot;:16777215,&quot;335559738&quot;:0,&quot;335559739&quot;:0,&quot;335559740&quot;:240}\">\u00a0<\/span><span data-ccp-props=\"{&quot;134233117&quot;:false,&quot;134233118&quot;:false,&quot;201341983&quot;:0,&quot;335557856&quot;:16777215,&quot;335559738&quot;:0,&quot;335559739&quot;:0,&quot;335559740&quot;:240}\"><\/span><\/p>\n<p><span data-contrast=\"auto\">Men klubben er meget mere end roning. Det er ogs\u00e5 hyggeligt samv\u00e6r og gode oplevelser med andre mennesker.<\/span><span data-ccp-props=\"{&quot;201341983&quot;:0,&quot;335559739&quot;:0,&quot;335559740&quot;:240}\"><br \/><\/span><span data-contrast=\"auto\" style=\"font-size: 14px;\">I vinterhalv\u00e5ret er vi gode til at finde p\u00e5 forskellige aktiviteter i klubben. Det kommer kun an p\u00e5 hvad fantasien og interesserne, kan give af muligheder.<\/span><span data-ccp-props=\"{}\" style=\"font-size: 14px;\"><br \/><\/span><span data-contrast=\"auto\" style=\"font-size: 14px;\">Klubben benyttes hver dag hele ugen. Vi har fast klubaften hver onsdag fra kl. 19-21.<\/span><\/p>\n<p style=\"text-align: center;\"><span data-contrast=\"auto\" style=\"font-size: 14px;\">\u00a0<\/span><b><span data-contrast=\"auto\">Vil du v\u00e6re medlem i Grenaa Roklub?<\/span><\/b><span data-ccp-props=\"{}\">\u00a0<\/span><\/p>\n<p><span data-contrast=\"auto\">For at deltage i roning kr\u00e6ves det blot at du kan sv\u00f8mme 300 m.\/600 m. uden pause og derefter tr\u00e6de vande i 2 min.\u00a0<\/span><span data-ccp-props=\"{}\"><br \/><\/span><span data-contrast=\"auto\">Der tages sv\u00f8mmepr\u00f8ve en gang om \u00e5ret.<br \/><\/span><span data-contrast=\"auto\">Se mere under \u201dPraktisk info\u201d \u2013 \u201dBliv medlem\u201d<\/span><span data-ccp-props=\"{}\">\u00a0<\/span><\/p>\n<p>[\/et_pb_text][\/et_pb_column][\/et_pb_row][\/et_pb_section]<\/p>\n","protected":false},"excerpt":{"rendered":"<p>\u00a0Velkommen til Grenaa Roklub\u00a0\u00a0 &#8211; Ro-motion er Go-motion\u00a0 Grenaa Roklub er en gammel roklub fra 1937 med ca. 80 ro medlemmer.\u00a0 \u2013 Vi er stolte af at kunne tilbyde unikke rammer for sp\u00e6ndende oplevelser p\u00e5 vandet samt eget klubhus for alle, der deler gl\u00e6den til roning og f\u00e6llesskabet omkring det. Vi har b\u00e5de rob\u00e5de i [&hellip;]<\/p>\n","protected":false},"author":1,"featured_media":0,"parent":0,"menu_order":0,"comment_status":"closed","ping_status":"closed","template":"","meta":{"_et_pb_use_builder":"on","_et_pb_old_content":"","_et_gb_content_width":"","footnotes":""},"class_list":["post-301","page","type-page","status-publish","hentry"],"_links":{"self":[{"href":"https:\/\/grenaaroklub.dk\/index.php\/wp-json\/wp\/v2\/pages\/301","targetHints":{"allow":["GET"]}}],"collection":[{"href":"https:\/\/grenaaroklub.dk\/index.php\/wp-json\/wp\/v2\/pages"}],"about":[{"href":"https:\/\/grenaaroklub.dk\/index.php\/wp-json\/wp\/v2\/types\/page"}],"author":[{"embeddable":true,"href":"https:\/\/grenaaroklub.dk\/index.php\/wp-json\/wp\/v2\/users\/1"}],"replies":[{"embeddable":true,"href":"https:\/\/grenaaroklub.dk\/index.php\/wp-json\/wp\/v2\/comments?post=301"}],"version-history":[{"count":5,"href":"https:\/\/grenaaroklub.dk\/index.php\/wp-json\/wp\/v2\/pages\/301\/revisions"}],"predecessor-version":[{"id":327,"href":"https:\/\/grenaaroklub.dk\/index.php\/wp-json\/wp\/v2\/pages\/301\/revisions\/327"}],"wp:attachment":[{"href":"https:\/\/grenaaroklub.dk\/index.php\/wp-json\/wp\/v2\/media?parent=301"}],"curies":[{"name":"wp","href":"https:\/\/api.w.org\/{rel}","templated":true}]}}